{"id":14871,"date":"2023-10-20T11:19:02","date_gmt":"2023-10-20T09:19:02","guid":{"rendered":"https:\/\/hirschmannlab.de\/produkt\/silicosen-type-bouchon\/"},"modified":"2023-10-20T11:19:02","modified_gmt":"2023-10-20T09:19:02","slug":"silicosen-typ-stopfen","status":"publish","type":"product","link":"https:\/\/hirschmannlab.de\/fr\/produkt\/silicosen-typ-stopfen\/","title":{"rendered":"SILICOSEN\u00ae type bouchon"},"content":{"rendered":"","protected":false},"excerpt":{"rendered":"<div class=\"ProductText\">\n<div class=\"ProductText\">\n<p>L\u2019\u00e9vaporation limit\u00e9e de l\u2019humidit\u00e9 emp\u00eache le dess\u00e8chement des cultures.<\/p>\n<p>SILICOSEN\u00ae et BIO-SILICO\u00ae sont des bouchons st\u00e9riles fabriqu\u00e9s sur la base d\u2019un proc\u00e9d\u00e9 particulier et pr\u00e9sentant des pores r\u00e9guliers. De ce fait, ils constituent un outil id\u00e9al pour la pr\u00e9paration et la st\u00e9rilisation de milieux de culture. Gr\u00e2ce \u00e0 leur texture uniforme et leur bonne perm\u00e9abilit\u00e9 \u00e0 l\u2019air, ces bouchons se pr\u00eatent parfaitement \u00e0 la culture de microorganismes a\u00e9robies. Les deux versions r\u00e9sistent aux produits chimiques et aux hautes temp\u00e9ratures et sont en outre hydrofuges et r\u00e9utilisables.  <\/p>\n<\/div>\n<\/div>\n<p>&nbsp;<\/p>\n<hr>\n<p>8905510Sterilstopfen rosa1612202815-20<\/p>\n<table class=\"artikeltabelle\">\n<tbody>\n<tr>\n<td>N\u00b0 de code<\/td>\n<td>D\u00e9signation<\/td>\n<td>Dimensions mm d1<\/td>\n<td>Dimensions mm d2<\/td>\n<td>Dimensions mm d3<\/td>\n<td>Dimensions mm l1<\/td>\n<td>Diam\u00e8tre du col A.D. mm<\/td>\n<\/tr>\n<tr>\n<td>8905510<\/td>\n<td>bouchon silicone rose<\/td>\n<td>10<\/td>\n<td>6<\/td>\n<td>13<\/td>\n<td>17<\/td>\n<td>6-9<\/td>\n<\/tr>\n<tr>\n<td>8905512<\/td>\n<td>bouchon silicone rose<\/td>\n<td>12<\/td>\n<td>9<\/td>\n<td>13<\/td>\n<td>17<\/td>\n<td>9-11<\/td>\n<\/tr>\n<tr>\n<td>8905515<\/td>\n<td>bouchon silicone rose<\/td>\n<td>15<\/td>\n<td>11<\/td>\n<td>15<\/td>\n<td>20<\/td>\n<td>11-14<\/td>\n<\/tr>\n<tr>\n<td>8905517<\/td>\n<td>bouchon silicone rose<\/td>\n<td>17<\/td>\n<td>13<\/td>\n<td>10<\/td>\n<td>30<\/td>\n<td>13-16<\/td>\n<\/tr>\n<tr>\n<td>8905519<\/td>\n<td>bouchon silicone rose<\/td>\n<td>19<\/td>\n<td>15<\/td>\n<td>12<\/td>\n<td>30<\/td>\n<td>15-18<\/td>\n<\/tr>\n<tr>\n<td>8905522<\/td>\n<td>bouchon silicone rose<\/td>\n<td>22<\/td>\n<td>18<\/td>\n<td>15<\/td>\n<td>30<\/td>\n<td>18-21<\/td>\n<\/tr>\n<tr>\n<td>8905524<\/td>\n<td>bouchon silicone rose<\/td>\n<td>24<\/td>\n<td>20<\/td>\n<td>20<\/td>\n<td>35<\/td>\n<td>20-23<\/td>\n<\/tr>\n<tr>\n<td>8905532<\/td>\n<td>bouchon silicone rose<\/td>\n<td>32<\/td>\n<td>22<\/td>\n<td>20<\/td>\n<td>40<\/td>\n<td>22-30<\/td>\n<\/tr>\n<tr>\n<td>8905542<\/td>\n<td>bouchon silicone rose<\/td>\n<td>42<\/td>\n<td>30<\/td>\n<td>35<\/td>\n<td>35<\/td>\n<td>30-40<\/td>\n<\/tr>\n<tr>\n<td>8905552<\/td>\n<td>bouchon silicone rose<\/td>\n<td>52<\/td>\n<td>40<\/td>\n<td>40<\/td>\n<td>60<\/td>\n<td>40-50<\/td>\n<\/tr>\n<tr>\n<td>8905612<\/td>\n<td>bouchon silicone rose<\/td>\n<td>12<\/td>\n<td>9<\/td>\n<td>40<\/td>\n<td>10<\/td>\n<td>9-11<\/td>\n<\/tr>\n<tr>\n<td>8905617<\/td>\n<td>bouchon silicone rose<\/td>\n<td>17<\/td>\n<td>13<\/td>\n<td>30<\/td>\n<td>20<\/td>\n<td>13-16<\/td>\n<\/tr>\n<tr>\n<td>8905622<\/td>\n<td>bouchon silicone rose<\/td>\n<td>22<\/td>\n<td>18<\/td>\n<td>30<\/td>\n<td>03<\/td>\n<td>18-21<\/td>\n<\/tr>\n<\/tbody>\n<\/table>\n<p>&nbsp;<\/p>\n","protected":false},"featured_media":3678,"template":"","meta":{"_acf_changed":false},"product_brand":[],"product_cat":[3546],"product_tag":[],"class_list":{"0":"post-14871","1":"product","2":"type-product","3":"status-publish","4":"has-post-thumbnail","6":"product_cat-bouchons-steriles","7":"product_shipping_class-envoi-standard","9":"first","10":"instock","11":"shipping-taxable","12":"purchasable","13":"product-type-variable"},"acf":[],"_links":{"self":[{"href":"https:\/\/hirschmannlab.de\/fr\/wp-json\/wp\/v2\/product\/14871","targetHints":{"allow":["GET"]}}],"collection":[{"href":"https:\/\/hirschmannlab.de\/fr\/wp-json\/wp\/v2\/product"}],"about":[{"href":"https:\/\/hirschmannlab.de\/fr\/wp-json\/wp\/v2\/types\/product"}],"version-history":[{"count":0,"href":"https:\/\/hirschmannlab.de\/fr\/wp-json\/wp\/v2\/product\/14871\/revisions"}],"wp:featuredmedia":[{"embeddable":true,"href":"https:\/\/hirschmannlab.de\/fr\/wp-json\/wp\/v2\/media\/3678"}],"wp:attachment":[{"href":"https:\/\/hirschmannlab.de\/fr\/wp-json\/wp\/v2\/media?parent=14871"}],"wp:term":[{"taxonomy":"product_brand","embeddable":true,"href":"https:\/\/hirschmannlab.de\/fr\/wp-json\/wp\/v2\/product_brand?post=14871"},{"taxonomy":"product_cat","embeddable":true,"href":"https:\/\/hirschmannlab.de\/fr\/wp-json\/wp\/v2\/product_cat?post=14871"},{"taxonomy":"product_tag","embeddable":true,"href":"https:\/\/hirschmannlab.de\/fr\/wp-json\/wp\/v2\/product_tag?post=14871"}],"curies":[{"name":"wp","href":"https:\/\/api.w.org\/{rel}","templated":true}]}}